{"id":82,"date":"2021-04-21T10:33:49","date_gmt":"2021-04-21T10:33:49","guid":{"rendered":"https:\/\/radkaepple.de\/?page_id=82"},"modified":"2022-08-13T14:14:25","modified_gmt":"2022-08-13T14:14:25","slug":"ueber-mich","status":"publish","type":"page","link":"https:\/\/radkaepple.de\/?page_id=82","title":{"rendered":"\u00dcber mich"},"content":{"rendered":"\t\t<div data-elementor-type=\"wp-page\" data-elementor-id=\"82\" class=\"elementor elementor-82\">\n\t\t\t\t\t\t<section class=\"elementor-section elementor-top-section elementor-element elementor-element-9351e0c elementor-section-boxed elementor-section-height-default elementor-section-height-default\" data-id=\"9351e0c\" data-element_type=\"section\" data-e-type=\"section\">\n\t\t\t\t\t\t<div class=\"elementor-container elementor-column-gap-default\">\n\t\t\t\t\t<div class=\"elementor-column elementor-col-100 elementor-top-column elementor-element elementor-element-d14b56e\" data-id=\"d14b56e\" data-element_type=\"column\" data-e-type=\"column\">\n\t\t\t<div class=\"elementor-widget-wrap elementor-element-populated\">\n\t\t\t\t\t\t<div class=\"elementor-element elementor-element-fa5ff17 elementor-widget elementor-widget-heading\" data-id=\"fa5ff17\" data-element_type=\"widget\" data-e-type=\"widget\" data-widget_type=\"heading.default\">\n\t\t\t\t<div class=\"elementor-widget-container\">\n\t\t\t\t\t<h2 class=\"elementor-heading-title elementor-size-xl\"><a href=\"#\">\u00dcber mich<\/a><\/h2>\t\t\t\t<\/div>\n\t\t\t\t<\/div>\n\t\t\t\t\t<\/div>\n\t\t<\/div>\n\t\t\t\t\t<\/div>\n\t\t<\/section>\n\t\t\t\t<section class=\"elementor-section elementor-top-section elementor-element elementor-element-b2d3eab elementor-section-boxed elementor-section-height-default elementor-section-height-default\" data-id=\"b2d3eab\" data-element_type=\"section\" data-e-type=\"section\">\n\t\t\t\t\t\t<div class=\"elementor-container elementor-column-gap-default\">\n\t\t\t\t\t<div class=\"elementor-column elementor-col-50 elementor-top-column elementor-element elementor-element-f30d538\" data-id=\"f30d538\" data-element_type=\"column\" data-e-type=\"column\">\n\t\t\t<div class=\"elementor-widget-wrap elementor-element-populated\">\n\t\t\t\t\t\t<div class=\"elementor-element elementor-element-4bec204 elementor-widget elementor-widget-spacer\" data-id=\"4bec204\" data-element_type=\"widget\" data-e-type=\"widget\" data-widget_type=\"spacer.default\">\n\t\t\t\t<div class=\"elementor-widget-container\">\n\t\t\t\t\t\t\t<div class=\"elementor-spacer\">\n\t\t\t<div class=\"elementor-spacer-inner\"><\/div>\n\t\t<\/div>\n\t\t\t\t\t\t<\/div>\n\t\t\t\t<\/div>\n\t\t\t\t<div class=\"elementor-element elementor-element-bb9aea6 elementor-widget elementor-widget-text-editor\" data-id=\"bb9aea6\" data-element_type=\"widget\" data-e-type=\"widget\" data-widget_type=\"text-editor.default\">\n\t\t\t\t<div class=\"elementor-widget-container\">\n\t\t\t\t\t\t\t\t\t<p><span class=\"color_15\">Seid Ihr zufrieden, bin ich zufrieden.<\/span><\/p><p class=\"font_9\" style=\"font-size: 17px; line-height: 1.875em;\"><span style=\"font-size: 17px;\">Ich bin Bernd Fai\u00df und\u00a0betreibe\u00a0seit 25 Jahren meine Autowerkstatt &#8222;s&#8217;Radk\u00e4pple&#8220; in Wendelsheim. Meine Vorliebe f\u00fcr Technik und Oldtimer kann ich vollst\u00e4ndig in meinem Beruf ausleben. Diese Passion setze ich gerne\u00a0ein, um anderen zu helfen. Daher ist mein Ziel Euch\u00a0in zufriedene Kunden umzuwandeln<\/span><\/p><p class=\"font_9\" style=\"font-size: 17px; line-height: 1.875em;\"><span style=\"font-size: 17px;\">&#8211; <span style=\"font-weight: bold;\">wenn Ihr zufrieden seid, bin ich es auch<\/span>.<\/span><\/p><p class=\"font_9\" style=\"font-size: 17px; line-height: 1.875em;\"><span style=\"font-size: 17px;\">Ein kaputtes Auto ist oft eine Notsituation. Das verstehe ich am besten, daher versuche ich Ihr Auto so schnell und so gewissenhaft wie m\u00f6glich wiederherzustellen.\u00a0<\/span><\/p><p class=\"font_9\" style=\"font-size: 17px; line-height: 1.875em;\"><span style=\"font-size: 17px;\">Wenn wir zusammenarbeiten, dann bekommen wir Ihr\u00a0Auto schon wieder auf Vordermann.<\/span><\/p><p class=\"font_9\" style=\"font-size: 17px; line-height: 1.875em;\"><span style=\"font-size: 17px;\">Ich freue mich auf Unsere Zusammenarbeit und hoffe wir sehen uns bald!<\/span><\/p><p class=\"font_9\" style=\"font-size: 17px; line-height: 1.875em; text-align: right;\"><span style=\"font-size: 17px;\"><span class=\"color_15\">\u00a0 \u00a0 \u00a0 \u00a0 \u00a0 \u00a0 \u00a0 \u00a0 \u00a0 \u00a0 \u00a0 \u00a0 \u00a0 \u00a0 \u00a0 \u00a0 \u00a0 \u00a0 \u00a0 \u00a0 \u00a0 \u00a0 \u00a0 \u00a0 \u00a0 \u00a0 \u00a0 \u00a0 \u00a0 \u00a0 \u00a0 \u00a0 \u00a0 \u00a0 \u00a0 \u00a0 \u00a0 \u00a0 \u00a0 \u00a0<span style=\"font-weight: bold;\">Bernd<\/span><\/span><\/span><\/p>\t\t\t\t\t\t\t\t<\/div>\n\t\t\t\t<\/div>\n\t\t\t\t\t<\/div>\n\t\t<\/div>\n\t\t\t\t<div class=\"elementor-column elementor-col-50 elementor-top-column elementor-element elementor-element-7ce3de7\" data-id=\"7ce3de7\" data-element_type=\"column\" data-e-type=\"column\">\n\t\t\t<div class=\"elementor-widget-wrap elementor-element-populated\">\n\t\t\t\t\t\t<div class=\"elementor-element elementor-element-49100d1 elementor-hidden-tablet elementor-hidden-phone elementor-widget elementor-widget-image\" data-id=\"49100d1\" data-element_type=\"widget\" data-e-type=\"widget\" data-widget_type=\"image.default\">\n\t\t\t\t<div class=\"elementor-widget-container\">\n\t\t\t\t\t\t\t\t\t\t\t\t\t\t\t<img fetchpriority=\"high\" decoding=\"async\" width=\"754\" height=\"1199\" src=\"https:\/\/radkaepple.de\/wp-content\/uploads\/2021\/04\/Motorrad-orange-Zugeschnitten-.jpeg\" class=\"attachment-medium_large size-medium_large wp-image-85\" alt=\"Oranges Motorrad\" srcset=\"https:\/\/radkaepple.de\/wp-content\/uploads\/2021\/04\/Motorrad-orange-Zugeschnitten-.jpeg 754w, https:\/\/radkaepple.de\/wp-content\/uploads\/2021\/04\/Motorrad-orange-Zugeschnitten--189x300.jpeg 189w, https:\/\/radkaepple.de\/wp-content\/uploads\/2021\/04\/Motorrad-orange-Zugeschnitten--644x1024.jpeg 644w\" sizes=\"(max-width: 754px) 100vw, 754px\" \/>\t\t\t\t\t\t\t\t\t\t\t\t\t\t\t<\/div>\n\t\t\t\t<\/div>\n\t\t\t\t\t<\/div>\n\t\t<\/div>\n\t\t\t\t\t<\/div>\n\t\t<\/section>\n\t\t\t\t<\/div>\n\t\t","protected":false},"excerpt":{"rendered":"<p>\u00dcber mich Seid Ihr zufrieden, bin ich zufrieden. Ich bin Bernd Fai\u00df und\u00a0betreibe\u00a0seit 25 Jahren meine Autowerkstatt &#8222;s&#8217;Radk\u00e4pple&#8220; in Wendelsheim. Meine Vorliebe f\u00fcr Technik und Oldtimer kann ich vollst\u00e4ndig in meinem Beruf ausleben. Diese Passion setze ich gerne\u00a0ein, um anderen zu helfen. Daher ist mein Ziel Euch\u00a0in zufriedene Kunden umzuwandeln &#8211; wenn Ihr zufrieden seid, [&hellip;]<\/p>\n","protected":false},"author":1,"featured_media":0,"parent":0,"menu_order":0,"comment_status":"closed","ping_status":"closed","template":"elementor_theme","meta":{"site-sidebar-layout":"default","site-content-layout":"","ast-site-content-layout":"default","site-content-style":"default","site-sidebar-style":"default","ast-global-header-display":"","ast-banner-title-visibility":"","ast-main-header-display":"","ast-hfb-above-header-display":"","ast-hfb-below-header-display":"","ast-hfb-mobile-header-display":"","site-post-title":"disabled","ast-breadcrumbs-content":"","ast-featured-img":"","footer-sml-layout":"","ast-disable-related-posts":"","theme-transparent-header-meta":"","adv-header-id-meta":"","stick-header-meta":"","header-above-stick-meta":"","header-main-stick-meta":"","header-below-stick-meta":"","astra-migrate-meta-layouts":"default","ast-page-background-enabled":"default","ast-page-background-meta":{"desktop":{"background-color":"var(--ast-global-color-4)","background-image":"","background-repeat":"repeat","background-position":"center center","background-size":"auto","background-attachment":"scroll","background-type":"","background-media":"","overlay-type":"","overlay-color":"","overlay-opacity":"","overlay-gradient":""},"tablet":{"background-color":"","background-image":"","background-repeat":"repeat","background-position":"center center","background-size":"auto","background-attachment":"scroll","background-type":"","background-media":"","overlay-type":"","overlay-color":"","overlay-opacity":"","overlay-gradient":""},"mobile":{"background-color":"","background-image":"","background-repeat":"repeat","background-position":"center center","background-size":"auto","background-attachment":"scroll","background-type":"","background-media":"","overlay-type":"","overlay-color":"","overlay-opacity":"","overlay-gradient":""}},"ast-content-background-meta":{"desktop":{"background-color":"var(--ast-global-color-5)","background-image":"","background-repeat":"repeat","background-position":"center center","background-size":"auto","background-attachment":"scroll","background-type":"","background-media":"","overlay-type":"","overlay-color":"","overlay-opacity":"","overlay-gradient":""},"tablet":{"background-color":"var(--ast-global-color-5)","background-image":"","background-repeat":"repeat","background-position":"center center","background-size":"auto","background-attachment":"scroll","background-type":"","background-media":"","overlay-type":"","overlay-color":"","overlay-opacity":"","overlay-gradient":""},"mobile":{"background-color":"var(--ast-global-color-5)","background-image":"","background-repeat":"repeat","background-position":"center center","background-size":"auto","background-attachment":"scroll","background-type":"","background-media":"","overlay-type":"","overlay-color":"","overlay-opacity":"","overlay-gradient":""}},"footnotes":""},"class_list":["post-82","page","type-page","status-publish","hentry"],"_links":{"self":[{"href":"https:\/\/radkaepple.de\/index.php?rest_route=\/wp\/v2\/pages\/82","targetHints":{"allow":["GET"]}}],"collection":[{"href":"https:\/\/radkaepple.de\/index.php?rest_route=\/wp\/v2\/pages"}],"about":[{"href":"https:\/\/radkaepple.de\/index.php?rest_route=\/wp\/v2\/types\/page"}],"author":[{"embeddable":true,"href":"https:\/\/radkaepple.de\/index.php?rest_route=\/wp\/v2\/users\/1"}],"replies":[{"embeddable":true,"href":"https:\/\/radkaepple.de\/index.php?rest_route=%2Fwp%2Fv2%2Fcomments&post=82"}],"version-history":[{"count":30,"href":"https:\/\/radkaepple.de\/index.php?rest_route=\/wp\/v2\/pages\/82\/revisions"}],"predecessor-version":[{"id":484,"href":"https:\/\/radkaepple.de\/index.php?rest_route=\/wp\/v2\/pages\/82\/revisions\/484"}],"wp:attachment":[{"href":"https:\/\/radkaepple.de\/index.php?rest_route=%2Fwp%2Fv2%2Fmedia&parent=82"}],"curies":[{"name":"wp","href":"https:\/\/api.w.org\/{rel}","templated":true}]}}