{"id":19,"date":"2021-04-20T19:37:04","date_gmt":"2021-04-20T19:37:04","guid":{"rendered":"http:\/\/radkaepple.de\/?page_id=19"},"modified":"2024-10-19T10:15:04","modified_gmt":"2024-10-19T10:15:04","slug":"impressum","status":"publish","type":"page","link":"https:\/\/radkaepple.de\/?page_id=19","title":{"rendered":"Impressum"},"content":{"rendered":"\t\t<div data-elementor-type=\"wp-page\" data-elementor-id=\"19\" class=\"elementor elementor-19\">\n\t\t\t\t\t\t<section class=\"elementor-section elementor-top-section elementor-element elementor-element-a406424 elementor-section-boxed elementor-section-height-default elementor-section-height-default\" data-id=\"a406424\" data-element_type=\"section\" data-e-type=\"section\">\n\t\t\t\t\t\t<div class=\"elementor-container elementor-column-gap-default\">\n\t\t\t\t\t<div class=\"elementor-column elementor-col-100 elementor-top-column elementor-element elementor-element-b989f0d\" data-id=\"b989f0d\" data-element_type=\"column\" data-e-type=\"column\">\n\t\t\t<div class=\"elementor-widget-wrap elementor-element-populated\">\n\t\t\t\t\t\t<div class=\"elementor-element elementor-element-31cb218 elementor-widget elementor-widget-heading\" data-id=\"31cb218\" data-element_type=\"widget\" data-e-type=\"widget\" data-widget_type=\"heading.default\">\n\t\t\t\t<div class=\"elementor-widget-container\">\n\t\t\t\t\t<h2 class=\"elementor-heading-title elementor-size-xl\"><a href=\"#\">Impressum<\/a><\/h2>\t\t\t\t<\/div>\n\t\t\t\t<\/div>\n\t\t\t\t<div class=\"elementor-element elementor-element-f895e9c elementor-hidden-tablet elementor-hidden-mobile elementor-widget elementor-widget-text-editor\" data-id=\"f895e9c\" data-element_type=\"widget\" data-e-type=\"widget\" data-widget_type=\"text-editor.default\">\n\t\t\t\t<div class=\"elementor-widget-container\">\n\t\t\t\t\t\t\t\t\t<p style=\"line-height: 1.875em;\">Die<b> f<\/b><span style=\"font-weight: bold;\">olgenden Angaben erf\u00fcllen die Vorgaben aus \u00a7 5 DDG:<\/span><\/p>\n<p style=\"line-height: 1.875em;\"><span style=\"font-weight: bold;\">Websitebetreiber und Inhaber:&nbsp;<\/span><\/p>\n<p style=\"line-height: 1.875em;\">Bernd Fai\u00df&nbsp;<br><span style=\"font-size: 14px; color: var( --e-global-color-text );\">Kfz-Meister (verliehen durch Handwerkskammer Reutlingen)<br><\/span><span style=\"font-size: 14px; color: var( --e-global-color-text );\">Schwarzwaldstra\u00dfe 4<br><\/span><span style=\"font-size: 14px; color: var( --e-global-color-text );\">72108 Rottenburg am Neckar<\/span><\/p>\n<p style=\"line-height: 1.875em;\"><b>Zust\u00e4ndige Handwerkskammer:<\/b><\/p>\n<p style=\"line-height: 1.875em;\"><span style=\"font-size: 14px; color: var( --e-global-color-text );\">Eingetragen in die Handwerksrolle der Handwerkskammer Reutlingen<br><\/span><span style=\"font-size: 14px; color: var( --e-global-color-text );\">Register Nr. 35614<\/span><\/p>\n<p style=\"line-height: 1.875em;\"><span style=\"font-weight: bold;\">Kontakt:<\/span><\/p>\n<p style=\"line-height: 1.875em;\">E-Mail: radkaepple@t-online.de&nbsp;<br>Telefon: + 497472\/ 6340<br>Fax: + 497472\/ 6350<\/p>\t\t\t\t\t\t\t\t<\/div>\n\t\t\t\t<\/div>\n\t\t\t\t\t<\/div>\n\t\t<\/div>\n\t\t\t\t\t<\/div>\n\t\t<\/section>\n\t\t\t\t<section class=\"elementor-section elementor-top-section elementor-element elementor-element-131535b elementor-section-boxed elementor-section-height-default elementor-section-height-default\" data-id=\"131535b\" data-element_type=\"section\" data-e-type=\"section\">\n\t\t\t\t\t\t<div class=\"elementor-container elementor-column-gap-default\">\n\t\t\t\t\t<div class=\"elementor-column elementor-col-100 elementor-top-column elementor-element elementor-element-c35fb1f\" data-id=\"c35fb1f\" data-element_type=\"column\" data-e-type=\"column\">\n\t\t\t<div class=\"elementor-widget-wrap elementor-element-populated\">\n\t\t\t\t\t\t<div class=\"elementor-element elementor-element-1314951 elementor-hidden-desktop elementor-widget elementor-widget-text-editor\" data-id=\"1314951\" data-element_type=\"widget\" data-e-type=\"widget\" data-widget_type=\"text-editor.default\">\n\t\t\t\t<div class=\"elementor-widget-container\">\n\t\t\t\t\t\t\t\t\t<h4 style=\"line-height: 1.875em;\">Die<b> f<\/b><span style=\"font-weight: bold;\">olgenden Angaben erf\u00fcllen die Vorgaben aus \u00a7 5 TMG:<\/span><\/h4><h4><span style=\"font-weight: bold;\">Websitebetreiber und Inhaber:\u00a0<\/span><\/h4><h4>Bernd Fai\u00df\u00a0<br \/><span style=\"font-size: 14px; color: var( --e-global-color-text );\">Kfz-Meister (verliehen durch Handwerkskammer Reutlingen)<br \/><\/span><span style=\"font-size: 14px; color: var( --e-global-color-text );\">Schwarzwaldstra\u00dfe 4<br \/><\/span><span style=\"font-size: 14px; color: var( --e-global-color-text );\">72108 Rottenburg am Neckar<\/span><\/h4><h4><b>Zust\u00e4ndige Handwerkskammer:<\/b><\/h4><h4><span style=\"font-size: 14px; color: var( --e-global-color-text );\">Eingetragen in die Handwerksrolle der Handwerkskammer Reutlingen<br \/><\/span><span style=\"font-size: 14px; color: var( --e-global-color-text );\">Register Nr. 35614<\/span><\/h4><h4><span style=\"font-weight: bold;\">Kontakt:<\/span><\/h4><h4>E-Mail: radkaepple@t-online.de\u00a0<br \/>Telefon: + 497472\/ 6340<br \/>Fax: + 497472\/ 6350<\/h4>\t\t\t\t\t\t\t\t<\/div>\n\t\t\t\t<\/div>\n\t\t\t\t\t<\/div>\n\t\t<\/div>\n\t\t\t\t\t<\/div>\n\t\t<\/section>\n\t\t\t\t<\/div>\n\t\t","protected":false},"excerpt":{"rendered":"<p>Impressum Die folgenden Angaben erf\u00fcllen die Vorgaben aus \u00a7 5 DDG: Websitebetreiber und Inhaber:&nbsp; Bernd Fai\u00df&nbsp;Kfz-Meister (verliehen durch Handwerkskammer Reutlingen)Schwarzwaldstra\u00dfe 472108 Rottenburg am Neckar Zust\u00e4ndige Handwerkskammer: Eingetragen in die Handwerksrolle der Handwerkskammer ReutlingenRegister Nr. 35614 Kontakt: E-Mail: radkaepple@t-online.de&nbsp;Telefon: + 497472\/ 6340Fax: + 497472\/ 6350 Die folgenden Angaben erf\u00fcllen die Vorgaben aus \u00a7 5 TMG: Websitebetreiber [&hellip;]<\/p>\n","protected":false},"author":1,"featured_media":0,"parent":0,"menu_order":0,"comment_status":"closed","ping_status":"closed","template":"elementor_theme","meta":{"site-sidebar-layout":"default","site-content-layout":"","ast-site-content-layout":"default","site-content-style":"default","site-sidebar-style":"default","ast-global-header-display":"","ast-banner-title-visibility":"","ast-main-header-display":"","ast-hfb-above-header-display":"","ast-hfb-below-header-display":"","ast-hfb-mobile-header-display":"","site-post-title":"disabled","ast-breadcrumbs-content":"","ast-featured-img":"","footer-sml-layout":"","ast-disable-related-posts":"","theme-transparent-header-meta":"","adv-header-id-meta":"","stick-header-meta":"","header-above-stick-meta":"","header-main-stick-meta":"","header-below-stick-meta":"","astra-migrate-meta-layouts":"default","ast-page-background-enabled":"default","ast-page-background-meta":{"desktop":{"background-color":"var(--ast-global-color-4)","background-image":"","background-repeat":"repeat","background-position":"center center","background-size":"auto","background-attachment":"scroll","background-type":"","background-media":"","overlay-type":"","overlay-color":"","overlay-opacity":"","overlay-gradient":""},"tablet":{"background-color":"","background-image":"","background-repeat":"repeat","background-position":"center center","background-size":"auto","background-attachment":"scroll","background-type":"","background-media":"","overlay-type":"","overlay-color":"","overlay-opacity":"","overlay-gradient":""},"mobile":{"background-color":"","background-image":"","background-repeat":"repeat","background-position":"center center","background-size":"auto","background-attachment":"scroll","background-type":"","background-media":"","overlay-type":"","overlay-color":"","overlay-opacity":"","overlay-gradient":""}},"ast-content-background-meta":{"desktop":{"background-color":"var(--ast-global-color-5)","background-image":"","background-repeat":"repeat","background-position":"center center","background-size":"auto","background-attachment":"scroll","background-type":"","background-media":"","overlay-type":"","overlay-color":"","overlay-opacity":"","overlay-gradient":""},"tablet":{"background-color":"var(--ast-global-color-5)","background-image":"","background-repeat":"repeat","background-position":"center center","background-size":"auto","background-attachment":"scroll","background-type":"","background-media":"","overlay-type":"","overlay-color":"","overlay-opacity":"","overlay-gradient":""},"mobile":{"background-color":"var(--ast-global-color-5)","background-image":"","background-repeat":"repeat","background-position":"center center","background-size":"auto","background-attachment":"scroll","background-type":"","background-media":"","overlay-type":"","overlay-color":"","overlay-opacity":"","overlay-gradient":""}},"footnotes":""},"class_list":["post-19","page","type-page","status-publish","hentry"],"_links":{"self":[{"href":"https:\/\/radkaepple.de\/index.php?rest_route=\/wp\/v2\/pages\/19","targetHints":{"allow":["GET"]}}],"collection":[{"href":"https:\/\/radkaepple.de\/index.php?rest_route=\/wp\/v2\/pages"}],"about":[{"href":"https:\/\/radkaepple.de\/index.php?rest_route=\/wp\/v2\/types\/page"}],"author":[{"embeddable":true,"href":"https:\/\/radkaepple.de\/index.php?rest_route=\/wp\/v2\/users\/1"}],"replies":[{"embeddable":true,"href":"https:\/\/radkaepple.de\/index.php?rest_route=%2Fwp%2Fv2%2Fcomments&post=19"}],"version-history":[{"count":34,"href":"https:\/\/radkaepple.de\/index.php?rest_route=\/wp\/v2\/pages\/19\/revisions"}],"predecessor-version":[{"id":599,"href":"https:\/\/radkaepple.de\/index.php?rest_route=\/wp\/v2\/pages\/19\/revisions\/599"}],"wp:attachment":[{"href":"https:\/\/radkaepple.de\/index.php?rest_route=%2Fwp%2Fv2%2Fmedia&parent=19"}],"curies":[{"name":"wp","href":"https:\/\/api.w.org\/{rel}","templated":true}]}}